{"id":1395,"date":"2022-09-10T12:57:27","date_gmt":"2022-09-10T16:57:27","guid":{"rendered":"https:\/\/sqha.us\/contacte-con\/"},"modified":"2022-10-07T08:22:57","modified_gmt":"2022-10-07T12:22:57","slug":"contacto","status":"publish","type":"page","link":"https:\/\/sqha.us\/es\/contacto\/","title":{"rendered":"Contacto"},"content":{"rendered":"\t\t<div data-elementor-type=\"wp-page\" data-elementor-id=\"1395\" class=\"elementor elementor-1395 elementor-388\" data-elementor-post-type=\"page\">\n\t\t\t\t\t\t<section class=\"elementor-section elementor-top-section elementor-element elementor-element-4e6252aa elementor-section-boxed elementor-section-height-default elementor-section-height-default\" data-id=\"4e6252aa\" data-element_type=\"section\" data-e-type=\"section\" data-settings=\"{&quot;background_background&quot;:&quot;classic&quot;}\">\n\t\t\t\t\t\t\t<div class=\"elementor-background-overlay\"><\/div>\n\t\t\t\t\t\t\t<div class=\"elementor-container elementor-column-gap-default\">\n\t\t\t\t\t<div class=\"elementor-column elementor-col-100 elementor-top-column elementor-element elementor-element-6a6e0208\" data-id=\"6a6e0208\" data-element_type=\"column\" data-e-type=\"column\">\n\t\t\t<div class=\"elementor-widget-wrap elementor-element-populated\">\n\t\t\t\t\t\t<div class=\"elementor-element elementor-element-72996a00 elementor-widget elementor-widget-heading\" data-id=\"72996a00\" data-element_type=\"widget\" data-e-type=\"widget\" data-widget_type=\"heading.default\">\n\t\t\t\t<div class=\"elementor-widget-container\">\n\t\t\t\t\t<h1 class=\"elementor-heading-title elementor-size-default\">Cont\u00e1ctanos\n<\/h1>\t\t\t\t<\/div>\n\t\t\t\t<\/div>\n\t\t\t\t<div class=\"elementor-element elementor-element-35264af9 elementor-widget-divider--view-line elementor-widget elementor-widget-divider\" data-id=\"35264af9\" data-element_type=\"widget\" data-e-type=\"widget\" data-widget_type=\"divider.default\">\n\t\t\t\t<div class=\"elementor-widget-container\">\n\t\t\t\t\t\t\t<div class=\"elementor-divider\">\n\t\t\t<span class=\"elementor-divider-separator\">\n\t\t\t\t\t\t<\/span>\n\t\t<\/div>\n\t\t\t\t\t\t<\/div>\n\t\t\t\t<\/div>\n\t\t\t\t\t<\/div>\n\t\t<\/div>\n\t\t\t\t\t<\/div>\n\t\t<\/section>\n\t\t\t\t<section class=\"elementor-section elementor-top-section elementor-element elementor-element-3b5ee061 elementor-section-full_width elementor-section-height-default elementor-section-height-default\" data-id=\"3b5ee061\" data-element_type=\"section\" data-e-type=\"section\" data-settings=\"{&quot;background_background&quot;:&quot;classic&quot;}\">\n\t\t\t\t\t\t<div class=\"elementor-container elementor-column-gap-no\">\n\t\t\t\t\t<div class=\"elementor-column elementor-col-33 elementor-top-column elementor-element elementor-element-4581c4bb\" data-id=\"4581c4bb\" data-element_type=\"column\" data-e-type=\"column\" data-settings=\"{&quot;background_background&quot;:&quot;classic&quot;}\">\n\t\t\t<div class=\"elementor-widget-wrap elementor-element-populated\">\n\t\t\t\t\t<div class=\"elementor-background-overlay\"><\/div>\n\t\t\t\t\t\t<div class=\"elementor-element elementor-element-11600685 elementor-widget elementor-widget-spacer\" data-id=\"11600685\" data-element_type=\"widget\" data-e-type=\"widget\" data-widget_type=\"spacer.default\">\n\t\t\t\t<div class=\"elementor-widget-container\">\n\t\t\t\t\t\t\t<div class=\"elementor-spacer\">\n\t\t\t<div class=\"elementor-spacer-inner\"><\/div>\n\t\t<\/div>\n\t\t\t\t\t\t<\/div>\n\t\t\t\t<\/div>\n\t\t\t\t\t<\/div>\n\t\t<\/div>\n\t\t\t\t<div class=\"elementor-column elementor-col-33 elementor-top-column elementor-element elementor-element-39473941\" data-id=\"39473941\" data-element_type=\"column\" data-e-type=\"column\" data-settings=\"{&quot;background_background&quot;:&quot;classic&quot;}\">\n\t\t\t<div class=\"elementor-widget-wrap elementor-element-populated\">\n\t\t\t\t\t\t<div class=\"elementor-element elementor-element-3a4f718 elementor-widget elementor-widget-heading\" data-id=\"3a4f718\" data-element_type=\"widget\" data-e-type=\"widget\" data-widget_type=\"heading.default\">\n\t\t\t\t<div class=\"elementor-widget-container\">\n\t\t\t\t\t<h2 class=\"elementor-heading-title elementor-size-default\">Estamos aqu\u00ed para ayudar:<\/h2>\t\t\t\t<\/div>\n\t\t\t\t<\/div>\n\t\t\t\t<div class=\"elementor-element elementor-element-6e43b62 elementor-button-align-stretch elementor-widget elementor-widget-global elementor-global-899 elementor-widget-form\" data-id=\"6e43b62\" data-element_type=\"widget\" data-e-type=\"widget\" data-settings=\"{&quot;step_next_label&quot;:&quot;Next&quot;,&quot;step_previous_label&quot;:&quot;Previous&quot;,&quot;button_width&quot;:&quot;100&quot;,&quot;step_type&quot;:&quot;number_text&quot;,&quot;step_icon_shape&quot;:&quot;circle&quot;}\" data-widget_type=\"form.default\">\n\t\t\t\t<div class=\"elementor-widget-container\">\n\t\t\t\t\t\t\t<form class=\"elementor-form\" method=\"post\" name=\"Contact\" aria-label=\"Contact\">\n\t\t\t<input type=\"hidden\" name=\"post_id\" value=\"1395\"\/>\n\t\t\t<input type=\"hidden\" name=\"form_id\" value=\"6e43b62\"\/>\n\t\t\t<input type=\"hidden\" name=\"referer_title\" value=\"\" \/>\n\n\t\t\t\n\t\t\t<div class=\"elementor-form-fields-wrapper elementor-labels-above\">\n\t\t\t\t\t\t\t\t<div class=\"elementor-field-type-text elementor-field-group elementor-column elementor-field-group-name elementor-col-100 elementor-field-required elementor-mark-required\">\n\t\t\t\t\t\t\t\t\t\t\t\t<label for=\"form-field-name\" class=\"elementor-field-label\">\n\t\t\t\t\t\t\t\tName\t\t\t\t\t\t\t<\/label>\n\t\t\t\t\t\t\t\t\t\t\t\t\t\t<input size=\"1\" type=\"text\" name=\"form_fields[name]\" id=\"form-field-name\" class=\"elementor-field elementor-size-sm  elementor-field-textual\" placeholder=\"Name\" required=\"required\">\n\t\t\t\t\t\t\t\t\t\t\t<\/div>\n\t\t\t\t\t\t\t\t<div class=\"elementor-field-type-tel elementor-field-group elementor-column elementor-field-group-field_ead3ce3 elementor-col-100 elementor-field-required elementor-mark-required\">\n\t\t\t\t\t\t\t\t\t\t\t\t<label for=\"form-field-field_ead3ce3\" class=\"elementor-field-label\">\n\t\t\t\t\t\t\t\tPhone\t\t\t\t\t\t\t<\/label>\n\t\t\t\t\t\t\t\t<input size=\"1\" type=\"tel\" name=\"form_fields[field_ead3ce3]\" id=\"form-field-field_ead3ce3\" class=\"elementor-field elementor-size-sm  elementor-field-textual\" placeholder=\"Phone\" required=\"required\" pattern=\"[0-9()#&amp;+*-=.]+\" title=\"Solo se aceptan n\u00fameros y caracteres de tel\u00e9fono (#,-,*,etc).\">\n\n\t\t\t\t\t\t<\/div>\n\t\t\t\t\t\t\t\t<div class=\"elementor-field-type-email elementor-field-group elementor-column elementor-field-group-email elementor-col-100\">\n\t\t\t\t\t\t\t\t\t\t\t\t<label for=\"form-field-email\" class=\"elementor-field-label\">\n\t\t\t\t\t\t\t\tEmail\t\t\t\t\t\t\t<\/label>\n\t\t\t\t\t\t\t\t\t\t\t\t\t\t<input size=\"1\" type=\"email\" name=\"form_fields[email]\" id=\"form-field-email\" class=\"elementor-field elementor-size-sm  elementor-field-textual\" placeholder=\"Email\">\n\t\t\t\t\t\t\t\t\t\t\t<\/div>\n\t\t\t\t\t\t\t\t<div class=\"elementor-field-type-textarea elementor-field-group elementor-column elementor-field-group-message elementor-col-100\">\n\t\t\t\t\t\t\t\t\t\t\t\t<label for=\"form-field-message\" class=\"elementor-field-label\">\n\t\t\t\t\t\t\t\tMessage\t\t\t\t\t\t\t<\/label>\n\t\t\t\t\t\t<textarea class=\"elementor-field-textual elementor-field  elementor-size-sm\" name=\"form_fields[message]\" id=\"form-field-message\" rows=\"4\" placeholder=\"Message\"><\/textarea>\t\t\t\t<\/div>\n\t\t\t\t\t\t\t\t<div class=\"elementor-field-group elementor-column elementor-field-type-submit elementor-col-100 e-form__buttons\">\n\t\t\t\t\t<button class=\"elementor-button elementor-size-sm\" type=\"submit\">\n\t\t\t\t\t\t<span class=\"elementor-button-content-wrapper\">\n\t\t\t\t\t\t\t\t\t\t\t\t\t\t\t\t\t\t\t\t\t\t<span class=\"elementor-button-text\">Book an Appointment<\/span>\n\t\t\t\t\t\t\t\t\t\t\t\t\t<\/span>\n\t\t\t\t\t<\/button>\n\t\t\t\t<\/div>\n\t\t\t<\/div>\n\t\t<\/form>\n\t\t\t\t\t\t<\/div>\n\t\t\t\t<\/div>\n\t\t\t\t<div class=\"elementor-element elementor-element-d7f4f4b elementor-widget elementor-widget-heading\" data-id=\"d7f4f4b\" data-element_type=\"widget\" data-e-type=\"widget\" data-widget_type=\"heading.default\">\n\t\t\t\t<div class=\"elementor-widget-container\">\n\t\t\t\t\t<h2 class=\"elementor-heading-title elementor-size-default\">Los campos marcados con un asterisco (*) son obligatorios.<\/h2>\t\t\t\t<\/div>\n\t\t\t\t<\/div>\n\t\t\t\t\t<\/div>\n\t\t<\/div>\n\t\t\t\t<div class=\"elementor-column elementor-col-33 elementor-top-column elementor-element elementor-element-5c6ce030 elementor-hidden-tablet elementor-hidden-mobile\" data-id=\"5c6ce030\" data-element_type=\"column\" data-e-type=\"column\" data-settings=\"{&quot;background_background&quot;:&quot;classic&quot;}\">\n\t\t\t<div class=\"elementor-widget-wrap elementor-element-populated\">\n\t\t\t\t\t\t<div class=\"elementor-element elementor-element-5dc785c2 elementor-widget elementor-widget-spacer\" data-id=\"5dc785c2\" data-element_type=\"widget\" data-e-type=\"widget\" data-widget_type=\"spacer.default\">\n\t\t\t\t<div class=\"elementor-widget-container\">\n\t\t\t\t\t\t\t<div class=\"elementor-spacer\">\n\t\t\t<div class=\"elementor-spacer-inner\"><\/div>\n\t\t<\/div>\n\t\t\t\t\t\t<\/div>\n\t\t\t\t<\/div>\n\t\t\t\t\t<\/div>\n\t\t<\/div>\n\t\t\t\t\t<\/div>\n\t\t<\/section>\n\t\t\t\t<\/div>\n\t\t","protected":false},"excerpt":{"rendered":"<p>Cont\u00e1ctanos Estamos aqu\u00ed para ayudar: Los campos marcados con un asterisco (*) son obligatorios.<\/p>\n","protected":false},"author":1,"featured_media":0,"parent":0,"menu_order":0,"comment_status":"closed","ping_status":"closed","template":"","meta":{"footnotes":""},"class_list":["post-1395","page","type-page","status-publish","hentry"],"aioseo_notices":[],"aioseo_head":"\n\t\t<!-- All in One SEO Pro 4.9.6.2 - aioseo.com -->\n\t<meta name=\"description\" content=\"Cont\u00e1ctenos, estamos aqu\u00ed para ayudarlo, h\u00e1ganos saber c\u00f3mo podemos ayudarlo. Complete el formulario, env\u00ede un correo electr\u00f3nico a alejandro@sqha.us o ll\u00e1menos al (305) 307-2890.\" \/>\n\t<meta name=\"robots\" content=\"max-image-preview:large\" \/>\n\t<link rel=\"canonical\" href=\"https:\/\/sqha.us\/es\/contacto\/\" \/>\n\t<meta name=\"generator\" content=\"All in One SEO Pro (AIOSEO) 4.9.6.2\" \/>\n\t\t<meta property=\"og:locale\" content=\"es_ES\" \/>\n\t\t<meta property=\"og:site_name\" content=\"Selective Quality Health Advisors - Quality service is our priority\" \/>\n\t\t<meta property=\"og:type\" content=\"article\" \/>\n\t\t<meta property=\"og:title\" content=\"Cont\u00e1ctenos- Selective Quality Health Advisors\" \/>\n\t\t<meta property=\"og:description\" content=\"Cont\u00e1ctenos, estamos aqu\u00ed para ayudarlo, h\u00e1ganos saber c\u00f3mo podemos ayudarlo. Complete el formulario, env\u00ede un correo electr\u00f3nico a alejandro@sqha.us o ll\u00e1menos al (305) 307-2890.\" \/>\n\t\t<meta property=\"og:url\" content=\"https:\/\/sqha.us\/es\/contacto\/\" \/>\n\t\t<meta property=\"og:image\" content=\"https:\/\/sqha.us\/wp-content\/uploads\/2022\/09\/Selective-Quality-Health-Advisors_Mesa-de-trabajo-1-01.png\" \/>\n\t\t<meta property=\"og:image:secure_url\" content=\"https:\/\/sqha.us\/wp-content\/uploads\/2022\/09\/Selective-Quality-Health-Advisors_Mesa-de-trabajo-1-01.png\" \/>\n\t\t<meta property=\"og:image:width\" content=\"4167\" \/>\n\t\t<meta property=\"og:image:height\" content=\"1668\" \/>\n\t\t<meta property=\"article:published_time\" content=\"2022-09-10T16:57:27+00:00\" \/>\n\t\t<meta property=\"article:modified_time\" content=\"2022-10-07T12:22:57+00:00\" \/>\n\t\t<meta name=\"twitter:card\" content=\"summary_large_image\" \/>\n\t\t<meta name=\"twitter:title\" content=\"Cont\u00e1ctenos- Selective Quality Health Advisors\" \/>\n\t\t<meta name=\"twitter:description\" content=\"Cont\u00e1ctenos, estamos aqu\u00ed para ayudarlo, h\u00e1ganos saber c\u00f3mo podemos ayudarlo. Complete el formulario, env\u00ede un correo electr\u00f3nico a alejandro@sqha.us o ll\u00e1menos al (305) 307-2890.\" \/>\n\t\t<meta name=\"twitter:image\" content=\"https:\/\/sqha.us\/wp-content\/uploads\/2022\/09\/Selective-Quality-Health-Advisors_Mesa-de-trabajo-1-01.png\" \/>\n\t\t<script type=\"application\/ld+json\" class=\"aioseo-schema\">\n\t\t\t{\"@context\":\"https:\\\/\\\/schema.org\",\"@graph\":[{\"@type\":\"BreadcrumbList\",\"@id\":\"https:\\\/\\\/sqha.us\\\/es\\\/contacto\\\/#breadcrumblist\",\"itemListElement\":[{\"@type\":\"ListItem\",\"@id\":\"https:\\\/\\\/sqha.us\\\/es\\\/#listItem\",\"position\":1,\"name\":\"Home\",\"item\":\"https:\\\/\\\/sqha.us\\\/es\\\/\",\"nextItem\":{\"@type\":\"ListItem\",\"@id\":\"https:\\\/\\\/sqha.us\\\/es\\\/contacto\\\/#listItem\",\"name\":\"Contacto\"}},{\"@type\":\"ListItem\",\"@id\":\"https:\\\/\\\/sqha.us\\\/es\\\/contacto\\\/#listItem\",\"position\":2,\"name\":\"Contacto\",\"previousItem\":{\"@type\":\"ListItem\",\"@id\":\"https:\\\/\\\/sqha.us\\\/es\\\/#listItem\",\"name\":\"Home\"}}]},{\"@type\":\"Organization\",\"@id\":\"https:\\\/\\\/sqha.us\\\/es\\\/#organization\",\"name\":\"Selective Quality Health Advisors\",\"description\":\"Quality service is our priority\",\"url\":\"https:\\\/\\\/sqha.us\\\/es\\\/\",\"telephone\":\"+13053072890\",\"logo\":{\"@type\":\"ImageObject\",\"url\":\"https:\\\/\\\/sqha.us\\\/wp-content\\\/uploads\\\/2022\\\/09\\\/Selective-Quality-Health-Advisors_Mesa-de-trabajo-1-01.png\",\"@id\":\"https:\\\/\\\/sqha.us\\\/es\\\/contacto\\\/#organizationLogo\",\"width\":4167,\"height\":1668,\"caption\":\"Selective Quality Health Advisors White\"},\"image\":{\"@id\":\"https:\\\/\\\/sqha.us\\\/es\\\/contacto\\\/#organizationLogo\"}},{\"@type\":\"WebPage\",\"@id\":\"https:\\\/\\\/sqha.us\\\/es\\\/contacto\\\/#webpage\",\"url\":\"https:\\\/\\\/sqha.us\\\/es\\\/contacto\\\/\",\"name\":\"Cont\\u00e1ctenos- Selective Quality Health Advisors\",\"description\":\"Cont\\u00e1ctenos, estamos aqu\\u00ed para ayudarlo, h\\u00e1ganos saber c\\u00f3mo podemos ayudarlo. Complete el formulario, env\\u00ede un correo electr\\u00f3nico a alejandro@sqha.us o ll\\u00e1menos al (305) 307-2890.\",\"inLanguage\":\"es-ES\",\"isPartOf\":{\"@id\":\"https:\\\/\\\/sqha.us\\\/es\\\/#website\"},\"breadcrumb\":{\"@id\":\"https:\\\/\\\/sqha.us\\\/es\\\/contacto\\\/#breadcrumblist\"},\"datePublished\":\"2022-09-10T12:57:27-04:00\",\"dateModified\":\"2022-10-07T08:22:57-04:00\"},{\"@type\":\"WebSite\",\"@id\":\"https:\\\/\\\/sqha.us\\\/es\\\/#website\",\"url\":\"https:\\\/\\\/sqha.us\\\/es\\\/\",\"name\":\"Selective Quality Health Advisors\",\"description\":\"Quality service is our priority\",\"inLanguage\":\"es-ES\",\"publisher\":{\"@id\":\"https:\\\/\\\/sqha.us\\\/es\\\/#organization\"}}]}\n\t\t<\/script>\n\t\t<!-- All in One SEO Pro -->\r\n\t\t<title>Cont\u00e1ctenos- Selective Quality Health Advisors<\/title>\n\n","aioseo_head_json":{"title":"Cont\u00e1ctenos- Selective Quality Health Advisors","description":"Cont\u00e1ctenos, estamos aqu\u00ed para ayudarlo, h\u00e1ganos saber c\u00f3mo podemos ayudarlo. Complete el formulario, env\u00ede un correo electr\u00f3nico a alejandro@sqha.us o ll\u00e1menos al (305) 307-2890.","canonical_url":"https:\/\/sqha.us\/es\/contacto\/","robots":"max-image-preview:large","keywords":"","webmasterTools":{"miscellaneous":""},"schema":{"@context":"https:\/\/schema.org","@graph":[{"@type":"BreadcrumbList","@id":"https:\/\/sqha.us\/es\/contacto\/#breadcrumblist","itemListElement":[{"@type":"ListItem","@id":"https:\/\/sqha.us\/es\/#listItem","position":1,"name":"Home","item":"https:\/\/sqha.us\/es\/","nextItem":{"@type":"ListItem","@id":"https:\/\/sqha.us\/es\/contacto\/#listItem","name":"Contacto"}},{"@type":"ListItem","@id":"https:\/\/sqha.us\/es\/contacto\/#listItem","position":2,"name":"Contacto","previousItem":{"@type":"ListItem","@id":"https:\/\/sqha.us\/es\/#listItem","name":"Home"}}]},{"@type":"Organization","@id":"https:\/\/sqha.us\/es\/#organization","name":"Selective Quality Health Advisors","description":"Quality service is our priority","url":"https:\/\/sqha.us\/es\/","telephone":"+13053072890","logo":{"@type":"ImageObject","url":"https:\/\/sqha.us\/wp-content\/uploads\/2022\/09\/Selective-Quality-Health-Advisors_Mesa-de-trabajo-1-01.png","@id":"https:\/\/sqha.us\/es\/contacto\/#organizationLogo","width":4167,"height":1668,"caption":"Selective Quality Health Advisors White"},"image":{"@id":"https:\/\/sqha.us\/es\/contacto\/#organizationLogo"}},{"@type":"WebPage","@id":"https:\/\/sqha.us\/es\/contacto\/#webpage","url":"https:\/\/sqha.us\/es\/contacto\/","name":"Cont\u00e1ctenos- Selective Quality Health Advisors","description":"Cont\u00e1ctenos, estamos aqu\u00ed para ayudarlo, h\u00e1ganos saber c\u00f3mo podemos ayudarlo. Complete el formulario, env\u00ede un correo electr\u00f3nico a alejandro@sqha.us o ll\u00e1menos al (305) 307-2890.","inLanguage":"es-ES","isPartOf":{"@id":"https:\/\/sqha.us\/es\/#website"},"breadcrumb":{"@id":"https:\/\/sqha.us\/es\/contacto\/#breadcrumblist"},"datePublished":"2022-09-10T12:57:27-04:00","dateModified":"2022-10-07T08:22:57-04:00"},{"@type":"WebSite","@id":"https:\/\/sqha.us\/es\/#website","url":"https:\/\/sqha.us\/es\/","name":"Selective Quality Health Advisors","description":"Quality service is our priority","inLanguage":"es-ES","publisher":{"@id":"https:\/\/sqha.us\/es\/#organization"}}]},"og:locale":"es_ES","og:site_name":"Selective Quality Health Advisors - Quality service is our priority","og:type":"article","og:title":"Cont\u00e1ctenos- Selective Quality Health Advisors","og:description":"Cont\u00e1ctenos, estamos aqu\u00ed para ayudarlo, h\u00e1ganos saber c\u00f3mo podemos ayudarlo. Complete el formulario, env\u00ede un correo electr\u00f3nico a alejandro@sqha.us o ll\u00e1menos al (305) 307-2890.","og:url":"https:\/\/sqha.us\/es\/contacto\/","og:image":"https:\/\/sqha.us\/wp-content\/uploads\/2022\/09\/Selective-Quality-Health-Advisors_Mesa-de-trabajo-1-01.png","og:image:secure_url":"https:\/\/sqha.us\/wp-content\/uploads\/2022\/09\/Selective-Quality-Health-Advisors_Mesa-de-trabajo-1-01.png","og:image:width":4167,"og:image:height":1668,"article:published_time":"2022-09-10T16:57:27+00:00","article:modified_time":"2022-10-07T12:22:57+00:00","twitter:card":"summary_large_image","twitter:title":"Cont\u00e1ctenos- Selective Quality Health Advisors","twitter:description":"Cont\u00e1ctenos, estamos aqu\u00ed para ayudarlo, h\u00e1ganos saber c\u00f3mo podemos ayudarlo. Complete el formulario, env\u00ede un correo electr\u00f3nico a alejandro@sqha.us o ll\u00e1menos al (305) 307-2890.","twitter:image":"https:\/\/sqha.us\/wp-content\/uploads\/2022\/09\/Selective-Quality-Health-Advisors_Mesa-de-trabajo-1-01.png"},"aioseo_meta_data":{"post_id":"1395","title":"Cont\u00e1ctenos#separator_sa #site_title","description":"Cont\u00e1ctenos, estamos aqu\u00ed para ayudarlo, h\u00e1ganos saber c\u00f3mo podemos ayudarlo. Complete el formulario, env\u00ede un correo electr\u00f3nico a alejandro@sqha.us o ll\u00e1menos al (305) 307-2890.","keywords":[],"keyphrases":{"focus":{"keyphrase":"Cont\u00e1ctenos","score":68,"analysis":{"keyphraseInTitle":{"title":"Focus keyphrase in SEO title","description":"Focus keyphrase found in SEO title.","score":9,"maxScore":9,"error":0},"keyphraseInDescription":{"title":"Focus keyphrase in meta description","description":"Focus keyphrase found in meta description.","score":9,"maxScore":9,"error":0},"keyphraseLength":{"title":"Focus keyphrase length","description":"Good job!","score":9,"maxScore":9,"error":0,"length":1},"keyphraseInURL":{"title":"Focus keyphrase in URL","description":"Focus keyphrase not found in the URL.","score":1,"maxScore":5,"error":1},"keyphraseInIntroduction":{"title":"Focus keyphrase in introduction","description":"Your Focus keyphrase does not appear in the first paragraph. Make sure the topic is clear immediately.","score":3,"maxScore":9,"error":1},"keyphraseInSubHeadings":{"title":"Focus keyphrase in Subheadings","description":"Use your focus keyphrase more in your H2 and H3 subheadings.","score":3,"maxScore":9,"error":1},"keyphraseInImageAlt":[]}},"additional":[]},"primary_term":null,"canonical_url":null,"og_title":null,"og_description":null,"og_object_type":"default","og_image_type":"default","og_image_url":null,"og_image_width":null,"og_image_height":null,"og_image_custom_url":null,"og_image_custom_fields":null,"og_video":"","og_custom_url":null,"og_article_section":null,"og_article_tags":[],"twitter_use_og":false,"twitter_card":"default","twitter_image_type":"default","twitter_image_url":null,"twitter_image_custom_url":null,"twitter_image_custom_fields":null,"twitter_title":null,"twitter_description":null,"schema":{"blockGraphs":[],"customGraphs":[],"default":{"data":{"Article":[],"Course":[],"Dataset":[],"FAQPage":[],"Movie":[],"Person":[],"Product":[],"ProductReview":[],"Car":[],"Recipe":[],"Service":[],"SoftwareApplication":[],"WebPage":[]},"graphName":"WebPage","isEnabled":true},"graphs":[]},"schema_type":"default","schema_type_options":null,"pillar_content":false,"robots_default":true,"robots_noindex":false,"robots_noarchive":false,"robots_nosnippet":false,"robots_nofollow":false,"robots_noimageindex":false,"robots_noodp":false,"robots_notranslate":false,"robots_max_snippet":"-1","robots_max_videopreview":"-1","robots_max_imagepreview":"large","priority":null,"frequency":"default","local_seo":null,"seo_analyzer_scan_date":"2025-08-15 07:26:53","breadcrumb_settings":null,"limit_modified_date":false,"open_ai":null,"ai":null,"created":"2022-10-06 20:41:01","updated":"2025-10-20 17:42:19"},"aioseo_breadcrumb":"<div class=\"aioseo-breadcrumbs\"><span class=\"aioseo-breadcrumb\">\n\t<a href=\"https:\/\/sqha.us\/es\/\" title=\"Home\">Home<\/a>\n<\/span><span class=\"aioseo-breadcrumb-separator\">&raquo;<\/span><span class=\"aioseo-breadcrumb\">\n\tContacto\n<\/span><\/div>","aioseo_breadcrumb_json":[{"label":"Home","link":"https:\/\/sqha.us\/es\/"},{"label":"Contacto","link":"https:\/\/sqha.us\/es\/contacto\/"}],"_links":{"self":[{"href":"https:\/\/sqha.us\/es\/wp-json\/wp\/v2\/pages\/1395","targetHints":{"allow":["GET"]}}],"collection":[{"href":"https:\/\/sqha.us\/es\/wp-json\/wp\/v2\/pages"}],"about":[{"href":"https:\/\/sqha.us\/es\/wp-json\/wp\/v2\/types\/page"}],"author":[{"embeddable":true,"href":"https:\/\/sqha.us\/es\/wp-json\/wp\/v2\/users\/1"}],"replies":[{"embeddable":true,"href":"https:\/\/sqha.us\/es\/wp-json\/wp\/v2\/comments?post=1395"}],"version-history":[{"count":4,"href":"https:\/\/sqha.us\/es\/wp-json\/wp\/v2\/pages\/1395\/revisions"}],"predecessor-version":[{"id":1493,"href":"https:\/\/sqha.us\/es\/wp-json\/wp\/v2\/pages\/1395\/revisions\/1493"}],"wp:attachment":[{"href":"https:\/\/sqha.us\/es\/wp-json\/wp\/v2\/media?parent=1395"}],"curies":[{"name":"wp","href":"https:\/\/api.w.org\/{rel}","templated":true}]}}