{"id":1388,"date":"2022-09-10T12:58:10","date_gmt":"2022-09-10T16:58:10","guid":{"rendered":"https:\/\/sqha.us\/politica-de-privacidad\/"},"modified":"2022-10-07T08:30:20","modified_gmt":"2022-10-07T12:30:20","slug":"politica-de-privacidad","status":"publish","type":"page","link":"https:\/\/sqha.us\/es\/politica-de-privacidad\/","title":{"rendered":"Pol\u00edtica de privacidad"},"content":{"rendered":"\t\t<div data-elementor-type=\"wp-page\" data-elementor-id=\"1388\" class=\"elementor elementor-1388 elementor-392\" data-elementor-post-type=\"page\">\n\t\t\t\t\t\t<section class=\"elementor-section elementor-top-section elementor-element elementor-element-6ee846c1 elementor-section-boxed elementor-section-height-default elementor-section-height-default\" data-id=\"6ee846c1\" data-element_type=\"section\" data-e-type=\"section\" data-settings=\"{&quot;background_background&quot;:&quot;classic&quot;}\">\n\t\t\t\t\t\t\t<div class=\"elementor-background-overlay\"><\/div>\n\t\t\t\t\t\t\t<div class=\"elementor-container elementor-column-gap-default\">\n\t\t\t\t\t<div class=\"elementor-column elementor-col-100 elementor-top-column elementor-element elementor-element-ae6e79\" data-id=\"ae6e79\" data-element_type=\"column\" data-e-type=\"column\">\n\t\t\t<div class=\"elementor-widget-wrap elementor-element-populated\">\n\t\t\t\t\t\t<div class=\"elementor-element elementor-element-1803bf48 elementor-widget elementor-widget-heading\" data-id=\"1803bf48\" data-element_type=\"widget\" data-e-type=\"widget\" data-widget_type=\"heading.default\">\n\t\t\t\t<div class=\"elementor-widget-container\">\n\t\t\t\t\t<h1 class=\"elementor-heading-title elementor-size-default\">Pol\u00edtica de privacidad\n<\/h1>\t\t\t\t<\/div>\n\t\t\t\t<\/div>\n\t\t\t\t<div class=\"elementor-element elementor-element-16839ca4 elementor-widget-divider--view-line elementor-widget elementor-widget-divider\" data-id=\"16839ca4\" data-element_type=\"widget\" data-e-type=\"widget\" data-widget_type=\"divider.default\">\n\t\t\t\t<div class=\"elementor-widget-container\">\n\t\t\t\t\t\t\t<div class=\"elementor-divider\">\n\t\t\t<span class=\"elementor-divider-separator\">\n\t\t\t\t\t\t<\/span>\n\t\t<\/div>\n\t\t\t\t\t\t<\/div>\n\t\t\t\t<\/div>\n\t\t\t\t\t<\/div>\n\t\t<\/div>\n\t\t\t\t\t<\/div>\n\t\t<\/section>\n\t\t\t\t<section class=\"elementor-section elementor-top-section elementor-element elementor-element-1bb204ee elementor-section-boxed elementor-section-height-default elementor-section-height-default\" data-id=\"1bb204ee\" data-element_type=\"section\" data-e-type=\"section\">\n\t\t\t\t\t\t<div class=\"elementor-container elementor-column-gap-default\">\n\t\t\t\t\t<div class=\"elementor-column elementor-col-100 elementor-top-column elementor-element elementor-element-37141684\" data-id=\"37141684\" data-element_type=\"column\" data-e-type=\"column\">\n\t\t\t<div class=\"elementor-widget-wrap elementor-element-populated\">\n\t\t\t\t\t\t<div class=\"elementor-element elementor-element-37fcf83b elementor-widget elementor-widget-text-editor\" data-id=\"37fcf83b\" data-element_type=\"widget\" data-e-type=\"widget\" data-widget_type=\"text-editor.default\">\n\t\t\t\t<div class=\"elementor-widget-container\">\n\t\t\t\t\t\t\t\t\t<div>En SQHA.US, reconocemos la privacidad de nuestros clientes. Por ello, hemos establecido una Pol\u00edtica de Privacidad. Esta pol\u00edtica de privacidad describe la informaci\u00f3n que recogemos de nuestros clientes cuando visitan el portal digital www.SQHA.US, denominado \u00abPlataforma\u00bb, o cuando utilizan nuestras aplicaciones m\u00f3viles. A continuaci\u00f3n explicamos c\u00f3mo SQHA.US puede utilizar y divulgar dicha informaci\u00f3n y su capacidad para controlar los usos de dicha informaci\u00f3n.<\/div>\n<div>&nbsp;<\/div>\n<div>\n<p>&#8211; Recogida de informaci\u00f3n. Se puede recopilar informaci\u00f3n personal, como el nombre, la direcci\u00f3n, el correo electr\u00f3nico, el n\u00famero de tel\u00e9fono o de m\u00f3vil, el nombre de usuario y la contrase\u00f1a, e informaci\u00f3n sobre la ubicaci\u00f3n geogr\u00e1fica. Si el cliente realiza una compra en SQHA.US, se recogen sus datos de pago.<\/p>\n<\/div>\n<div>\n<p>&#8211; Uso de la informaci\u00f3n. SQHA.US puede utilizar la informaci\u00f3n con el fin de proporcionarle los servicios de la Plataforma, las ofertas y la publicidad a trav\u00e9s de nuestro portal y a trav\u00e9s de otros canales como, por ejemplo, el correo electr\u00f3nico, el correo postal o el mensaje de texto, y\/o comunicarse con usted cuando sea necesario.<\/p>\n<\/div>\n<div>&#8211; Intercambio de informaci\u00f3n. Podemos compartir la informaci\u00f3n que recogemos con nuestros proveedores de servicios cuando sea necesario para proteger nuestros derechos o cumplir con un proceso legal.<\/div>\n<div>&nbsp;<\/div>\n<div><b>RECOPILACI\u00d3N DE INFORMACI\u00d3N<\/b><\/div>\n<div><b>&nbsp;<\/b><\/div>\n<div>&#8211; <b>Informaci\u00f3n que el cliente nos proporciona<\/b><\/div>\n<div><b>&nbsp;<\/b><\/div>\n<div>SQHA.US recoge la informaci\u00f3n del cliente cuando \u00e9ste decide proporcion\u00e1rnosla. Esto puede ocurrir cuando el cliente utiliza nuestra Plataforma para crear una cuenta de usuario, realizar una compra, solicitarnos informaci\u00f3n, inscribirse para recibir boletines de noticias (\u00abnewsletters\u00bb) o nuestras listas de correo electr\u00f3nico, rellenar formularios en l\u00ednea, participar en concursos o encuestas, o comunicarse de cualquier otra forma con nosotros.<\/div>\n<div>&nbsp;<\/div>\n<div>\n<p>La informaci\u00f3n personal que recopilamos puede incluir su nombre, direcci\u00f3n, c\u00f3digo postal, direcci\u00f3n de correo electr\u00f3nico, n\u00famero de tel\u00e9fono o de m\u00f3vil, nombre de usuario y contrase\u00f1a, e informaci\u00f3n sobre su ubicaci\u00f3n geogr\u00e1fica. Si realiza una compra en la Plataforma, SQHA.US no recoge informaci\u00f3n financiera como la tarjeta de cr\u00e9dito\/d\u00e9bito, la direcci\u00f3n de facturaci\u00f3n y la informaci\u00f3n utilizada para procesar los pagos.<\/p>\n<\/div>\n<div>Tambi\u00e9n es posible que se le solicite cierta informaci\u00f3n personal para crear su cuenta en SQHA.US.<\/div>\n<div>&nbsp;<\/div>\n<div>&#8211; <b>Informaci\u00f3n que recogemos autom\u00e1ticamente<\/b><br><b><br><\/b><\/div>\n<div>Podemos utilizar cookies, balizas web, etiquetas de p\u00edxel, archivos de registro u otras tecnolog\u00edas para recopilar autom\u00e1ticamente cierta informaci\u00f3n cuando usted utiliza nuestra Plataforma. Por ejemplo, podemos recopilar autom\u00e1ticamente informaci\u00f3n no personal como el tipo de navegador, el sistema operativo, la versi\u00f3n del software, la direcci\u00f3n del Protocolo de Internet (\u00abIP\u00bb), el modelo de tel\u00e9fono, el sistema operativo del tel\u00e9fono y la informaci\u00f3n del tel\u00e9fono. proveedor.<\/div>\n<div>Tambi\u00e9n podemos recopilar informaci\u00f3n sobre su uso de la Plataforma, como la fecha y la hora de acceso a la Plataforma, las p\u00e1ginas de la Plataforma que visita, la cantidad de tiempo que pasa en la Plataforma, el n\u00famero de veces que visita la Plataforma, informaci\u00f3n demogr\u00e1fica en general, si abre o hace clic en correos electr\u00f3nicos, avisos o anuncios y otros datos sobre el uso de la Plataforma.<\/div>\n<div>&nbsp;<\/div>\n<div>&#8211; <b>Opciones de seguimiento (\u00abTraking Options\u00bb)<\/b><\/div>\n<div>&nbsp;<\/div>\n<div>Algunas partes de nuestra Plataforma requieren cookies. Usted puede configurar su navegador o sistema operativo para limitar el seguimiento o rechazar el uso de cookies, pero si lo hace es posible que no pueda utilizar algunas funciones de la Plataforma o aprovechar plenamente todas nuestras ofertas. Puede seleccionar el men\u00fa de ayuda (\u00abAyuda\u00bb) de su navegador, dispositivo o sistema operativo para obtener m\u00e1s informaci\u00f3n sobre c\u00f3mo eliminar y\/o desactivar su navegador o sistema operativo para no recibir cookies o controlar sus preferencias de seguimiento.<\/div>\n<div>&nbsp;<\/div>\n<div><b>USO DE LA INFORMACI\u00d3N<\/b><\/div>\n<div><b>&nbsp;<\/b><\/div>\n<div>SQHA puede utilizar la informaci\u00f3n que recopilamos de y sobre el cliente para cualquiera de los siguientes fines:<\/div>\n<div>&nbsp;<\/div>\n<div>\n<p>&#8211; Para responder a las consultas o solicitudes, procesar y cumplir los pedidos de los clientes, procesar los pagos, prevenir el fraude en las transacciones, realizar entregas, enviar notificaciones y comunicarse con el cliente.<\/p>\n<\/div>\n<div>\n<p>&#8211; Desarrollar nuevos productos o servicios y realizar cualquier tipo de an\u00e1lisis para mejorar los productos y servicios actuales.<\/p>\n<\/div>\n<div>\n<p>&#8211; Para proporcionarle contenidos personalizados de la Plataforma, ofertas especializadas y publicidad.<\/p>\n<\/div>\n<div>\n<p>&#8211; Comunicarse con el cliente para proporcionarle informaci\u00f3n, boletines y material promocional de SQHA.US a trav\u00e9s de diversos canales.<\/p>\n<\/div>\n<div>\n<p>&#8211; Revisar el uso y funcionamiento de nuestra Plataforma, mejorar nuestros contenidos, productos y servicios, o solucionar problemas con la Plataforma.<\/p>\n<\/div>\n<div>&#8211; Utilizar los datos con fines demogr\u00e1ficos y\/o anal\u00edticos.<\/div>\n<div>&nbsp;<\/div>\n<div>\n<p>&#8211; Operar nuestras redes de telecomunicaciones.<\/p>\n<p><br>&#8211; Para proteger la seguridad de la Plataforma y de nuestro negocio.<\/p>\n<p><br>&#8211; Como se ha descrito anteriormente.<\/p>\n<p><br><\/p>\n<p><b>C\u00f3mo limitar nuestro uso de cierta informaci\u00f3n<\/b><\/p>\n<p><b><br><\/b>Los usuarios de nuestra Plataforma pueden elegir, en el momento en que les solicitamos la informaci\u00f3n, que sus datos no se utilicen para fines distintos a la gesti\u00f3n de un producto. Si prefiere que no le enviemos material que creemos que puede ser de su inter\u00e9s, como informaci\u00f3n de productos, muestras de productos y correos electr\u00f3nicos\/mensajes promocionales de nosotros y de nuestros sitios y empresas, puede notific\u00e1rnoslo haciendo clic aqu\u00ed. una \u00abAnulaci\u00f3n de la suscripci\u00f3n\u00bb en su perfil o enviando un correo electr\u00f3nico a Support@sqha.us<\/p>\n<p><br>La solicitud de limitar el uso de su informaci\u00f3n se tramitar\u00e1 lo antes posible.<\/p>\n<p><br><\/p>\n<p><b>SI TIENE PREGUNTAS<\/b><\/p>\n<p><b><br><\/b>Si tiene preguntas, comentarios o dudas sobre nuestra Pol\u00edtica de Privacidad o las pr\u00e1cticas aqu\u00ed descritas, puede ponerse en contacto con nosotros en Support@sqha.us.<\/p>\n<p><br><\/p>\n<p><b>ACEPTACI\u00d3N DE ESTA POL\u00cdTICA DE PRIVACIDAD POR PARTE DEL USUARIO<\/b><\/p>\n<p><b><br><\/b>Al visitar la Plataforma, el cliente indica que acepta los t\u00e9rminos de la Pol\u00edtica de Privacidad de SQHA.US. Si no acepta los t\u00e9rminos de esta Pol\u00edtica de Privacidad, no podr\u00e1 utilizar la Plataforma. SQHA se reserva el derecho de cambiar, modificar, a\u00f1adir o eliminar partes de esta pol\u00edtica de privacidad en cualquier momento. Si el cliente utiliza la Plataforma, significa que acepta los cambios.<\/p>\n<p><br><\/p>\n<p><b>POL\u00cdTICA DE COOKIES<\/b><\/p>\n<p><b><br><\/b>Utilizamos cookies para ofrecerle una mejor experiencia y servicio, de acuerdo con su estilo de navegaci\u00f3n. Si contin\u00faa navegando, consideraremos que acepta su uso. Puede obtener m\u00e1s informaci\u00f3n a continuaci\u00f3n.<\/p>\n<p><b>\u00bfQu\u00e9 es una galleta?<\/b><\/p>\n<p><b><br><\/b>Una cookie es un peque\u00f1o archivo que se almacena en el ordenador del usuario, tablet, smartphone o cualquier otro dispositivo con informaci\u00f3n sobre la navegaci\u00f3n.<\/p>\n<p><br>El conjunto de cookies de todos nuestros usuarios nos ayuda a mejorar la calidad de nuestro portal digital, permiti\u00e9ndonos controlar qu\u00e9 p\u00e1ginas son \u00fatiles y cu\u00e1les son mejorables. Las cookies son esenciales para el funcionamiento de internet, aportando numerosas ventajas en los servicios interactivos, facilitando la navegaci\u00f3n y el uso de la p\u00e1gina. Las cookies no da\u00f1an su ordenador. M\u00e1s bien, nos ayudan a identificar y resolver errores. Dependiendo de la informaci\u00f3n que contengan y del modo en que se utilice el ordenador, pueden utilizarse para reconocer al usuario.<\/p>\n<p>Tipo de cookies que utiliza este sitio web y su finalidad<\/p>\n<p><br>&#8211; Galletas de an\u00e1lisis. Permite cuantificar el n\u00famero de visitas y el uso que hacen los usuarios. El objetivo es realizar mediciones, corregir deficiencias y facilitar el uso del portal.<\/p><p><br>&#8211; Cookies publicitarias. Registra las visitas. Se utiliza para controlar y supervisar la eficacia de la publicidad, midiendo, por ejemplo, el n\u00famero de veces que se ven los anuncios, d\u00f3nde aparecen y a qu\u00e9 hora.<\/p><p><br>&#8211; Cookies de sesi\u00f3n. Se eliminan cuando el usuario abandona el sitio web o se cierra la sesi\u00f3n del navegador.<\/p><p><br>&#8211; Cookies t\u00e9cnicas: Permiten al usuario la navegaci\u00f3n a trav\u00e9s de una p\u00e1gina web, plataforma o aplicaci\u00f3n y la utilizaci\u00f3n de las diferentes opciones o servicios que en ella existan.<\/p><p><br><\/p>\n<p><b>Desactivaci\u00f3n o eliminaci\u00f3n de cookies<\/b><\/p><p><b><br><\/b>Las cookies se pueden desactivar. Sin embargo, esto puede impedir que ciertas partes del portal sean accesibles o causar una navegaci\u00f3n menos eficiente.<\/p><p><br><\/p>\n<p><b>\u00bfQui\u00e9n utiliza la informaci\u00f3n almacenada en las cookies?<\/b><\/p><p><b><br><\/b>La informaci\u00f3n almacenada en las cookies de nuestro sitio web es utilizada exclusivamente por nosotros, a excepci\u00f3n de Google Analytics, que es utilizada y gestionada por Google y por nosotros con fines estad\u00edsticos.<\/p>\n<\/div>\t\t\t\t\t\t\t\t<\/div>\n\t\t\t\t<\/div>\n\t\t\t\t\t<\/div>\n\t\t<\/div>\n\t\t\t\t\t<\/div>\n\t\t<\/section>\n\t\t\t\t<\/div>\n\t\t","protected":false},"excerpt":{"rendered":"<p>Pol\u00edtica de privacidad En SQHA.US, reconocemos la privacidad de nuestros clientes. Por ello, hemos establecido una Pol\u00edtica de Privacidad. Esta pol\u00edtica de privacidad describe la informaci\u00f3n que recogemos de nuestros clientes cuando visitan el portal digital www.SQHA.US, denominado \u00abPlataforma\u00bb, o cuando utilizan nuestras aplicaciones m\u00f3viles. A continuaci\u00f3n explicamos c\u00f3mo SQHA.US puede utilizar y divulgar dicha [&hellip;]<\/p>\n","protected":false},"author":1,"featured_media":0,"parent":0,"menu_order":0,"comment_status":"closed","ping_status":"closed","template":"","meta":{"footnotes":""},"class_list":["post-1388","page","type-page","status-publish","hentry"],"aioseo_notices":[],"aioseo_head":"\n\t\t<!-- All in One SEO Pro 4.9.6.2 - aioseo.com -->\n\t<meta name=\"description\" content=\"Pol\u00edtica de Privacidad de Selective Quality Health Advisors, reconocemos la privacidad de nuestros clientes. Hemos establecido una Pol\u00edtica de Privacidad.\" \/>\n\t<meta name=\"robots\" content=\"max-image-preview:large\" \/>\n\t<link rel=\"canonical\" href=\"https:\/\/sqha.us\/es\/politica-de-privacidad\/\" \/>\n\t<meta name=\"generator\" content=\"All in One SEO Pro (AIOSEO) 4.9.6.2\" \/>\n\t\t<meta property=\"og:locale\" content=\"es_ES\" \/>\n\t\t<meta property=\"og:site_name\" content=\"Selective Quality Health Advisors - Quality service is our priority\" \/>\n\t\t<meta property=\"og:type\" content=\"article\" \/>\n\t\t<meta property=\"og:title\" content=\"Pol\u00edtica de privacidad - Selective Quality Health Advisors\" \/>\n\t\t<meta property=\"og:description\" content=\"Pol\u00edtica de Privacidad de Selective Quality Health Advisors, reconocemos la privacidad de nuestros clientes. Hemos establecido una Pol\u00edtica de Privacidad.\" \/>\n\t\t<meta property=\"og:url\" content=\"https:\/\/sqha.us\/es\/politica-de-privacidad\/\" \/>\n\t\t<meta property=\"og:image\" content=\"https:\/\/sqha.us\/wp-content\/uploads\/2022\/09\/Selective-Quality-Health-Advisors_Mesa-de-trabajo-1-01.png\" \/>\n\t\t<meta property=\"og:image:secure_url\" content=\"https:\/\/sqha.us\/wp-content\/uploads\/2022\/09\/Selective-Quality-Health-Advisors_Mesa-de-trabajo-1-01.png\" \/>\n\t\t<meta property=\"og:image:width\" content=\"4167\" \/>\n\t\t<meta property=\"og:image:height\" content=\"1668\" \/>\n\t\t<meta property=\"article:published_time\" content=\"2022-09-10T16:58:10+00:00\" \/>\n\t\t<meta property=\"article:modified_time\" content=\"2022-10-07T12:30:20+00:00\" \/>\n\t\t<meta name=\"twitter:card\" content=\"summary_large_image\" \/>\n\t\t<meta name=\"twitter:title\" content=\"Pol\u00edtica de privacidad - Selective Quality Health Advisors\" \/>\n\t\t<meta name=\"twitter:description\" content=\"Pol\u00edtica de Privacidad de Selective Quality Health Advisors, reconocemos la privacidad de nuestros clientes. Hemos establecido una Pol\u00edtica de Privacidad.\" \/>\n\t\t<meta name=\"twitter:image\" content=\"https:\/\/sqha.us\/wp-content\/uploads\/2022\/09\/Selective-Quality-Health-Advisors_Mesa-de-trabajo-1-01.png\" \/>\n\t\t<script type=\"application\/ld+json\" class=\"aioseo-schema\">\n\t\t\t{\"@context\":\"https:\\\/\\\/schema.org\",\"@graph\":[{\"@type\":\"BreadcrumbList\",\"@id\":\"https:\\\/\\\/sqha.us\\\/es\\\/politica-de-privacidad\\\/#breadcrumblist\",\"itemListElement\":[{\"@type\":\"ListItem\",\"@id\":\"https:\\\/\\\/sqha.us\\\/es\\\/#listItem\",\"position\":1,\"name\":\"Home\",\"item\":\"https:\\\/\\\/sqha.us\\\/es\\\/\",\"nextItem\":{\"@type\":\"ListItem\",\"@id\":\"https:\\\/\\\/sqha.us\\\/es\\\/politica-de-privacidad\\\/#listItem\",\"name\":\"Pol\\u00edtica de privacidad\"}},{\"@type\":\"ListItem\",\"@id\":\"https:\\\/\\\/sqha.us\\\/es\\\/politica-de-privacidad\\\/#listItem\",\"position\":2,\"name\":\"Pol\\u00edtica de privacidad\",\"previousItem\":{\"@type\":\"ListItem\",\"@id\":\"https:\\\/\\\/sqha.us\\\/es\\\/#listItem\",\"name\":\"Home\"}}]},{\"@type\":\"Organization\",\"@id\":\"https:\\\/\\\/sqha.us\\\/es\\\/#organization\",\"name\":\"Selective Quality Health Advisors\",\"description\":\"Quality service is our priority\",\"url\":\"https:\\\/\\\/sqha.us\\\/es\\\/\",\"telephone\":\"+13053072890\",\"logo\":{\"@type\":\"ImageObject\",\"url\":\"https:\\\/\\\/sqha.us\\\/wp-content\\\/uploads\\\/2022\\\/09\\\/Selective-Quality-Health-Advisors_Mesa-de-trabajo-1-01.png\",\"@id\":\"https:\\\/\\\/sqha.us\\\/es\\\/politica-de-privacidad\\\/#organizationLogo\",\"width\":4167,\"height\":1668,\"caption\":\"Selective Quality Health Advisors White\"},\"image\":{\"@id\":\"https:\\\/\\\/sqha.us\\\/es\\\/politica-de-privacidad\\\/#organizationLogo\"}},{\"@type\":\"WebPage\",\"@id\":\"https:\\\/\\\/sqha.us\\\/es\\\/politica-de-privacidad\\\/#webpage\",\"url\":\"https:\\\/\\\/sqha.us\\\/es\\\/politica-de-privacidad\\\/\",\"name\":\"Pol\\u00edtica de privacidad - Selective Quality Health Advisors\",\"description\":\"Pol\\u00edtica de Privacidad de Selective Quality Health Advisors, reconocemos la privacidad de nuestros clientes. Hemos establecido una Pol\\u00edtica de Privacidad.\",\"inLanguage\":\"es-ES\",\"isPartOf\":{\"@id\":\"https:\\\/\\\/sqha.us\\\/es\\\/#website\"},\"breadcrumb\":{\"@id\":\"https:\\\/\\\/sqha.us\\\/es\\\/politica-de-privacidad\\\/#breadcrumblist\"},\"datePublished\":\"2022-09-10T12:58:10-04:00\",\"dateModified\":\"2022-10-07T08:30:20-04:00\"},{\"@type\":\"WebSite\",\"@id\":\"https:\\\/\\\/sqha.us\\\/es\\\/#website\",\"url\":\"https:\\\/\\\/sqha.us\\\/es\\\/\",\"name\":\"Selective Quality Health Advisors\",\"description\":\"Quality service is our priority\",\"inLanguage\":\"es-ES\",\"publisher\":{\"@id\":\"https:\\\/\\\/sqha.us\\\/es\\\/#organization\"}}]}\n\t\t<\/script>\n\t\t<!-- All in One SEO Pro -->\r\n\t\t<title>Pol\u00edtica de privacidad - Selective Quality Health Advisors<\/title>\n\n","aioseo_head_json":{"title":"Pol\u00edtica de privacidad - Selective Quality Health Advisors","description":"Pol\u00edtica de Privacidad de Selective Quality Health Advisors, reconocemos la privacidad de nuestros clientes. Hemos establecido una Pol\u00edtica de Privacidad.","canonical_url":"https:\/\/sqha.us\/es\/politica-de-privacidad\/","robots":"max-image-preview:large","keywords":"","webmasterTools":{"miscellaneous":""},"schema":{"@context":"https:\/\/schema.org","@graph":[{"@type":"BreadcrumbList","@id":"https:\/\/sqha.us\/es\/politica-de-privacidad\/#breadcrumblist","itemListElement":[{"@type":"ListItem","@id":"https:\/\/sqha.us\/es\/#listItem","position":1,"name":"Home","item":"https:\/\/sqha.us\/es\/","nextItem":{"@type":"ListItem","@id":"https:\/\/sqha.us\/es\/politica-de-privacidad\/#listItem","name":"Pol\u00edtica de privacidad"}},{"@type":"ListItem","@id":"https:\/\/sqha.us\/es\/politica-de-privacidad\/#listItem","position":2,"name":"Pol\u00edtica de privacidad","previousItem":{"@type":"ListItem","@id":"https:\/\/sqha.us\/es\/#listItem","name":"Home"}}]},{"@type":"Organization","@id":"https:\/\/sqha.us\/es\/#organization","name":"Selective Quality Health Advisors","description":"Quality service is our priority","url":"https:\/\/sqha.us\/es\/","telephone":"+13053072890","logo":{"@type":"ImageObject","url":"https:\/\/sqha.us\/wp-content\/uploads\/2022\/09\/Selective-Quality-Health-Advisors_Mesa-de-trabajo-1-01.png","@id":"https:\/\/sqha.us\/es\/politica-de-privacidad\/#organizationLogo","width":4167,"height":1668,"caption":"Selective Quality Health Advisors White"},"image":{"@id":"https:\/\/sqha.us\/es\/politica-de-privacidad\/#organizationLogo"}},{"@type":"WebPage","@id":"https:\/\/sqha.us\/es\/politica-de-privacidad\/#webpage","url":"https:\/\/sqha.us\/es\/politica-de-privacidad\/","name":"Pol\u00edtica de privacidad - Selective Quality Health Advisors","description":"Pol\u00edtica de Privacidad de Selective Quality Health Advisors, reconocemos la privacidad de nuestros clientes. Hemos establecido una Pol\u00edtica de Privacidad.","inLanguage":"es-ES","isPartOf":{"@id":"https:\/\/sqha.us\/es\/#website"},"breadcrumb":{"@id":"https:\/\/sqha.us\/es\/politica-de-privacidad\/#breadcrumblist"},"datePublished":"2022-09-10T12:58:10-04:00","dateModified":"2022-10-07T08:30:20-04:00"},{"@type":"WebSite","@id":"https:\/\/sqha.us\/es\/#website","url":"https:\/\/sqha.us\/es\/","name":"Selective Quality Health Advisors","description":"Quality service is our priority","inLanguage":"es-ES","publisher":{"@id":"https:\/\/sqha.us\/es\/#organization"}}]},"og:locale":"es_ES","og:site_name":"Selective Quality Health Advisors - Quality service is our priority","og:type":"article","og:title":"Pol\u00edtica de privacidad - Selective Quality Health Advisors","og:description":"Pol\u00edtica de Privacidad de Selective Quality Health Advisors, reconocemos la privacidad de nuestros clientes. Hemos establecido una Pol\u00edtica de Privacidad.","og:url":"https:\/\/sqha.us\/es\/politica-de-privacidad\/","og:image":"https:\/\/sqha.us\/wp-content\/uploads\/2022\/09\/Selective-Quality-Health-Advisors_Mesa-de-trabajo-1-01.png","og:image:secure_url":"https:\/\/sqha.us\/wp-content\/uploads\/2022\/09\/Selective-Quality-Health-Advisors_Mesa-de-trabajo-1-01.png","og:image:width":4167,"og:image:height":1668,"article:published_time":"2022-09-10T16:58:10+00:00","article:modified_time":"2022-10-07T12:30:20+00:00","twitter:card":"summary_large_image","twitter:title":"Pol\u00edtica de privacidad - Selective Quality Health Advisors","twitter:description":"Pol\u00edtica de Privacidad de Selective Quality Health Advisors, reconocemos la privacidad de nuestros clientes. Hemos establecido una Pol\u00edtica de Privacidad.","twitter:image":"https:\/\/sqha.us\/wp-content\/uploads\/2022\/09\/Selective-Quality-Health-Advisors_Mesa-de-trabajo-1-01.png"},"aioseo_meta_data":{"post_id":"1388","title":null,"description":"Pol\u00edtica de Privacidad de Selective Quality Health Advisors, reconocemos la privacidad de nuestros clientes. Hemos establecido una Pol\u00edtica de Privacidad.","keywords":[],"keyphrases":{"focus":{"keyphrase":"Pol\u00edtica","score":85,"analysis":{"keyphraseInTitle":{"title":"Focus keyphrase in SEO title","description":"Focus keyphrase found in SEO title.","score":9,"maxScore":9,"error":0},"keyphraseInDescription":{"title":"Focus keyphrase in meta description","description":"Focus keyphrase found in meta description.","score":9,"maxScore":9,"error":0},"keyphraseLength":{"title":"Focus keyphrase length","description":"Good job!","score":9,"maxScore":9,"error":0,"length":1},"keyphraseInURL":{"title":"Focus keyphrase in URL","description":"Focus keyphrase used in the URL.","score":5,"maxScore":5,"error":0},"keyphraseInIntroduction":{"title":"Focus keyphrase in introduction","description":"Your Focus keyphrase does not appear in the first paragraph. Make sure the topic is clear immediately.","score":3,"maxScore":9,"error":1},"keyphraseInSubHeadings":[],"keyphraseInImageAlt":[]}},"additional":[]},"primary_term":null,"canonical_url":null,"og_title":null,"og_description":null,"og_object_type":"default","og_image_type":"default","og_image_url":null,"og_image_width":null,"og_image_height":null,"og_image_custom_url":null,"og_image_custom_fields":null,"og_video":"","og_custom_url":null,"og_article_section":null,"og_article_tags":[],"twitter_use_og":false,"twitter_card":"default","twitter_image_type":"default","twitter_image_url":null,"twitter_image_custom_url":null,"twitter_image_custom_fields":null,"twitter_title":null,"twitter_description":null,"schema":{"blockGraphs":[],"customGraphs":[],"default":{"data":{"Article":[],"Course":[],"Dataset":[],"FAQPage":[],"Movie":[],"Person":[],"Product":[],"ProductReview":[],"Car":[],"Recipe":[],"Service":[],"SoftwareApplication":[],"WebPage":[]},"graphName":"WebPage","isEnabled":true},"graphs":[]},"schema_type":"default","schema_type_options":null,"pillar_content":false,"robots_default":true,"robots_noindex":false,"robots_noarchive":false,"robots_nosnippet":false,"robots_nofollow":false,"robots_noimageindex":false,"robots_noodp":false,"robots_notranslate":false,"robots_max_snippet":"-1","robots_max_videopreview":"-1","robots_max_imagepreview":"large","priority":null,"frequency":"default","local_seo":null,"seo_analyzer_scan_date":"2025-08-15 07:13:52","breadcrumb_settings":null,"limit_modified_date":false,"open_ai":null,"ai":null,"created":"2022-10-06 20:41:01","updated":"2025-10-13 06:11:34"},"aioseo_breadcrumb":"<div class=\"aioseo-breadcrumbs\"><span class=\"aioseo-breadcrumb\">\n\t<a href=\"https:\/\/sqha.us\/es\/\" title=\"Home\">Home<\/a>\n<\/span><span class=\"aioseo-breadcrumb-separator\">&raquo;<\/span><span class=\"aioseo-breadcrumb\">\n\tPol\u00edtica de privacidad\n<\/span><\/div>","aioseo_breadcrumb_json":[{"label":"Home","link":"https:\/\/sqha.us\/es\/"},{"label":"Pol\u00edtica de privacidad","link":"https:\/\/sqha.us\/es\/politica-de-privacidad\/"}],"_links":{"self":[{"href":"https:\/\/sqha.us\/es\/wp-json\/wp\/v2\/pages\/1388","targetHints":{"allow":["GET"]}}],"collection":[{"href":"https:\/\/sqha.us\/es\/wp-json\/wp\/v2\/pages"}],"about":[{"href":"https:\/\/sqha.us\/es\/wp-json\/wp\/v2\/types\/page"}],"author":[{"embeddable":true,"href":"https:\/\/sqha.us\/es\/wp-json\/wp\/v2\/users\/1"}],"replies":[{"embeddable":true,"href":"https:\/\/sqha.us\/es\/wp-json\/wp\/v2\/comments?post=1388"}],"version-history":[{"count":2,"href":"https:\/\/sqha.us\/es\/wp-json\/wp\/v2\/pages\/1388\/revisions"}],"predecessor-version":[{"id":1500,"href":"https:\/\/sqha.us\/es\/wp-json\/wp\/v2\/pages\/1388\/revisions\/1500"}],"wp:attachment":[{"href":"https:\/\/sqha.us\/es\/wp-json\/wp\/v2\/media?parent=1388"}],"curies":[{"name":"wp","href":"https:\/\/api.w.org\/{rel}","templated":true}]}}